{"id":6703,"date":"2017-03-09T09:49:38","date_gmt":"2017-03-09T09:49:38","guid":{"rendered":"http:\/\/vibez.elated-themes.com\/?page_id=6703"},"modified":"2025-08-03T00:01:43","modified_gmt":"2025-08-02T22:01:43","slug":"faq","status":"publish","type":"page","link":"https:\/\/infinitydanse.com\/index.php\/faq\/","title":{"rendered":"FAQ"},"content":{"rendered":"<p>[vc_row row_content_width=\u00a0\u00bbgrid\u00a0\u00bb enable_arrows_animation=\u00a0\u00bbno\u00a0\u00bb css=\u00a0\u00bb.vc_custom_1489162147706{padding-top: 112px !important;padding-bottom: 90px !important;}\u00a0\u00bb][vc_column offset=\u00a0\u00bbvc_col-lg-9 vc_col-md-9&Prime;]<div class=\"eltdf-section-title-holder  eltdf-st-standard eltdf-st-title-left eltdf-st-normal-space  \" style=\"text-align: left\">\n\t<div class=\"eltdf-st-inner\">\n\t\t\t\t\t<h3 class=\"eltdf-st-title\" style=\"color: #2a2a2a\">\n\t\t\t\tQuestions fr\u00e9quemment pos\u00e9es\t\t\t<\/h3>\n\t\t\t\t\t\t\t<h5 class=\"eltdf-st-text\" style=\"margin-top: 10px\">\n\t\t\t\tNous avons regroup\u00e9 les questions les plus fr\u00e9quemment pos\u00e9es. Si jamais vous ne trouvez pas de r\u00e9ponse, n'h\u00e9sitez pas \u00e0 nous envoyer un mail.\t\t\t<\/h5>\n\t\t\t<\/div>\n<\/div>[vc_empty_space height=\u00a0\u00bb65px\u00a0\u00bb]<div class=\"eltdf-accordion-holder clearfix eltdf-ac-default eltdf-accordion eltdf-ac-simple-arrows\">\n\t<h4 class=\"eltdf-title-holder\">\n    <span class=\"eltdf-accordion-mark\">\n\t    <span class=\"eltdf_icon_plus icon_plus\"><\/span>\n\t    <span class=\"eltdf_icon_minus icon_minus-06\"><\/span>\n\t    <span class=\"eltdf_icon_arrow arrow_carrot-down\"><\/span>\n\t<\/span>\n\t<span class=\"eltdf-tab-title\">Dois-je porter un masque ?<\/span>\n<\/h4>\n<div class=\"eltdf-accordion-content\">\n\t<div class=\"eltdf-accordion-content-inner\">\n\t\t[vc_column_text]<span style=\"color: #979797;\">Non il n&rsquo;est plus obligatoire que ce soit durant la pratique ou pour circuler dans l&rsquo;\u00e9tablissement.<br \/>\n<\/span>[\/vc_column_text]\t<\/div>\n<\/div><h4 class=\"eltdf-title-holder\">\n    <span class=\"eltdf-accordion-mark\">\n\t    <span class=\"eltdf_icon_plus icon_plus\"><\/span>\n\t    <span class=\"eltdf_icon_minus icon_minus-06\"><\/span>\n\t    <span class=\"eltdf_icon_arrow arrow_carrot-down\"><\/span>\n\t<\/span>\n\t<span class=\"eltdf-tab-title\">Besoin d&#039;un pass vaccinal ?<\/span>\n<\/h4>\n<div class=\"eltdf-accordion-content\">\n\t<div class=\"eltdf-accordion-content-inner\">\n\t\t[vc_column_text]Venez pratiquer sans contraintes dans l&rsquo;ensemble de nos clubs !<br \/>\nLe pass vaccinal n&rsquo;est plus n\u00e9cessaire pour acc\u00e9der aux structures sportives.[\/vc_column_text]\t<\/div>\n<\/div><h4 class=\"eltdf-title-holder\">\n    <span class=\"eltdf-accordion-mark\">\n\t    <span class=\"eltdf_icon_plus icon_plus\"><\/span>\n\t    <span class=\"eltdf_icon_minus icon_minus-06\"><\/span>\n\t    <span class=\"eltdf_icon_arrow arrow_carrot-down\"><\/span>\n\t<\/span>\n\t<span class=\"eltdf-tab-title\">Modifier mon activit\u00e9<\/span>\n<\/h4>\n<div class=\"eltdf-accordion-content\">\n\t<div class=\"eltdf-accordion-content-inner\">\n\t\t[vc_column_text]<\/p>\n<div class=\"collapse \">\n<div id=\"9158-3\" class=\"collapse__content is-expanded\" tabindex=\"-1\" role=\"region\" aria-labelledby=\"9158-3-controls\" aria-hidden=\"false\">\n<p>Vous pouvez facilement changer votre abonnement directement \u00e0 l&rsquo;accueil de votre club. Vous avez un changement de planning ou bien votre activit\u00e9 ne vous convient plus ? Sous l&rsquo;accord du professeur et de la direction vous pourrez changer de cours.<\/p>\n<p>Un suppl\u00e9ment pourra \u00eatre demand\u00e9 si votre nouvelle activit\u00e9 est plus ch\u00e8re que celle pay\u00e9e lors de votre adh\u00e9sion.<\/p>\n<\/div>\n<\/div>\n<p><span style=\"color: #979797;\">\u00a0<\/span>[\/vc_column_text]\t<\/div>\n<\/div><h4 class=\"eltdf-title-holder\">\n    <span class=\"eltdf-accordion-mark\">\n\t    <span class=\"eltdf_icon_plus icon_plus\"><\/span>\n\t    <span class=\"eltdf_icon_minus icon_minus-06\"><\/span>\n\t    <span class=\"eltdf_icon_arrow arrow_carrot-down\"><\/span>\n\t<\/span>\n\t<span class=\"eltdf-tab-title\">Paiement<\/span>\n<\/h4>\n<div class=\"eltdf-accordion-content\">\n\t<div class=\"eltdf-accordion-content-inner\">\n\t\t[vc_column_text]<span style=\"color: #979797;\">Le paiement de votre abonnement se fera directement \u00e0 l&rsquo;accueil de votre club. Vous avez la possibilit\u00e9 de payer en 3x sans frais par ch\u00e8que. Tous les ch\u00e8ques seront remis lors de votre inscription et encaiss\u00e9s \u00e0 des dates d\u00e9finies avec la direction.<\/span><\/p>\n<ul>\n<li>Sur Vaise possibilit\u00e9 de payer par ch\u00e8que, CB, esp\u00e8ces<\/li>\n<li>Sur Croix-Rousse possibilit\u00e9 de payer par ch\u00e8que ou esp\u00e8ces<\/li>\n<\/ul>\n<p>[\/vc_column_text]\t<\/div>\n<\/div><h4 class=\"eltdf-title-holder\">\n    <span class=\"eltdf-accordion-mark\">\n\t    <span class=\"eltdf_icon_plus icon_plus\"><\/span>\n\t    <span class=\"eltdf_icon_minus icon_minus-06\"><\/span>\n\t    <span class=\"eltdf_icon_arrow arrow_carrot-down\"><\/span>\n\t<\/span>\n\t<span class=\"eltdf-tab-title\">Arr\u00eat maladie<\/span>\n<\/h4>\n<div class=\"eltdf-accordion-content\">\n\t<div class=\"eltdf-accordion-content-inner\">\n\t\t[vc_column_text]<span style=\"color: #979797;\">Pour un arr\u00eat maladie de + de 4 semaines, nous pouvons stopper votre abonnement et vous proposer un report. Votre demande sera prise en compte \u00e0 la date de r\u00e9ception de votre certificat m\u00e9dical. Merci de le donner \u00e0 l&rsquo;accueil ou l&rsquo;envoyer par mail \u00e0 infinitydanse@orange.fr<\/span>[\/vc_column_text]\t<\/div>\n<\/div><h4 class=\"eltdf-title-holder\">\n    <span class=\"eltdf-accordion-mark\">\n\t    <span class=\"eltdf_icon_plus icon_plus\"><\/span>\n\t    <span class=\"eltdf_icon_minus icon_minus-06\"><\/span>\n\t    <span class=\"eltdf_icon_arrow arrow_carrot-down\"><\/span>\n\t<\/span>\n\t<span class=\"eltdf-tab-title\">Remboursement cotisation<\/span>\n<\/h4>\n<div class=\"eltdf-accordion-content\">\n\t<div class=\"eltdf-accordion-content-inner\">\n\t\t[vc_column_text]<span style=\"color: #979797;\">AUCUN remboursement ne sera effectu\u00e9 \u00e0 partir de la r\u00e9ception de l&rsquo;inscription et de votre paiement.<br \/>\n<\/span><\/p>\n<p>&nbsp;<\/p>\n<p>Situation exceptionnelle :<\/p>\n<ul>\n<li>En cas d&rsquo;une fermeture impos\u00e9e par le gouvernement suite \u00e0 l&rsquo;\u00e9pid\u00e9mie Covid-19, nous nous engageons \u00e0 vous proposer un report ou un remboursement des cours non-effectu\u00e9s si impossibilit\u00e9 de rattraper les s\u00e9ances. (fermeture de plusieurs mois)<\/li>\n<li>Un remboursement pourra vous \u00eatre propos\u00e9 si vous d\u00e9m\u00e9nagez \u00e0 + de 50km du club. Il sera n\u00e9cessaire de nous faire parvenir un justificatif de votre nouveau domicile.<\/li>\n<\/ul>\n<p>[\/vc_column_text]\t<\/div>\n<\/div><h4 class=\"eltdf-title-holder\">\n    <span class=\"eltdf-accordion-mark\">\n\t    <span class=\"eltdf_icon_plus icon_plus\"><\/span>\n\t    <span class=\"eltdf_icon_minus icon_minus-06\"><\/span>\n\t    <span class=\"eltdf_icon_arrow arrow_carrot-down\"><\/span>\n\t<\/span>\n\t<span class=\"eltdf-tab-title\">Vacances scolaires<\/span>\n<\/h4>\n<div class=\"eltdf-accordion-content\">\n\t<div class=\"eltdf-accordion-content-inner\">\n\t\t[vc_column_text]<\/p>\n<ul>\n<li>\n<div class=\"page\" title=\"Page 4\">\n<div class=\"section\">\n<div class=\"layoutArea\">\n<div class=\"column\">\n<p>Pour les enfants :<br \/>\nInfinity Danse ne donne AUCUN cours ENFANTS pendants les vacances scolaires :<\/p>\n<p>&#8211; Toussaint : du samedi 19 octobre 2024 au samedi 2 novembre 2024 (inclus)<\/p>\n<p>&#8211; Noel : du lundi 21 d\u00e9cembre 2024 au samedi 4 janvier 2025 (inclus)<br \/>\n&#8211; Hiver : du samedi 22 f\u00e9vrier 2025 au samedi 8 mars 2025 (inclus)<br \/>\n&#8211; Printemps : du samedi 19 avril 2025 au samedi 3 mai 2025 (inclus)<\/p>\n<\/div>\n<\/div>\n<\/div>\n<\/div>\n<\/li>\n<\/ul>\n<div class=\"page\" title=\"Page 4\">\n<div class=\"section\">\n<div class=\"layoutArea\">\n<div class=\"column\">\n<ul>\n<li>Pour les adultes en Danse :<\/li>\n<\/ul>\n<p>Infinity Danse reste ouvert une semaine sur les deux durant les vacances scolaires pour les ADULTES sauf \u00e0 Noel \u00e9cole ferm\u00e9e deux semaines :<br \/>\n&#8211; Toussaint : du samedi 26 octobre 2024 au samedi 2 novembre 2024 (inclus)<br \/>\n&#8211; Noel : du mardi 21 d\u00e9cembre 2024 au lundi 4 janvier 2025 (inclus)<\/p>\n<p>&#8211; Hiver : du samedi 22 f\u00e9vrier 2025 au samedi 1er mars 2025 (inclus)<\/p>\n<p>&#8211; Printemps : du samedi 19 avril 2025 au samedi 26 avril 2025 (inclus)<\/p>\n<ul>\n<li>Pour les adultes en Fitness : Infinity Danse reste ouvert durant les vacances scolaires sauf \u00e0 Noel \u00e9cole ferm\u00e9e : du 21 d\u00e9cembre 2024 au samedi 4 janvier 2025 (inclus)<\/li>\n<\/ul>\n<p>&nbsp;<\/p>\n<ul>\n<li>Les clubs seront ferm\u00e9s en int\u00e9gralit\u00e9 durant les jours f\u00e9ri\u00e9s<\/li>\n<\/ul>\n<\/div>\n<\/div>\n<\/div>\n<\/div>\n<p>[\/vc_column_text]\t<\/div>\n<\/div><h4 class=\"eltdf-title-holder\">\n    <span class=\"eltdf-accordion-mark\">\n\t    <span class=\"eltdf_icon_plus icon_plus\"><\/span>\n\t    <span class=\"eltdf_icon_minus icon_minus-06\"><\/span>\n\t    <span class=\"eltdf_icon_arrow arrow_carrot-down\"><\/span>\n\t<\/span>\n\t<span class=\"eltdf-tab-title\">Inscription seul(e) ou en couple en danse<\/span>\n<\/h4>\n<div class=\"eltdf-accordion-content\">\n\t<div class=\"eltdf-accordion-content-inner\">\n\t\t[vc_column_text]<\/p>\n<ul>\n<li><span style=\"color: #979797;\">Bonne nouvelle ! Vous souhaitez vous inscrire dans une activit\u00e9 de danse en couple et vous n&rsquo;avez pas de partenaire ? Pas de probl\u00e8me, une rotation entre danseurs et danseuses est propos\u00e9e dans les cours.\u00a0<\/span><\/li>\n<li>En d\u00e9but de saison et pour le bon d\u00e9roulement des cours, nous essayons de les \u00e9quilibrer au maximum. Votre inscription pourra se voir refus\u00e9e s&rsquo;il y a une trop grande diff\u00e9rence entre le nombre de danseurs et danseuses.<\/li>\n<li>Pour les personnes qui s&rsquo;inscrivent en couple et qui ne souhaitent pas tourner, c&rsquo;est possible aussi.<\/li>\n<li>Pour b\u00e9n\u00e9ficier du tarif avantageux \u00ab\u00a0couple\u00a0\u00bb il est obligatoire de s&rsquo;inscrire dans les m\u00eames cours et que l&rsquo;un fasse cavalier et l&rsquo;autre cavali\u00e8re.<\/li>\n<\/ul>\n<p>[\/vc_column_text]\t<\/div>\n<\/div><h4 class=\"eltdf-title-holder\">\n    <span class=\"eltdf-accordion-mark\">\n\t    <span class=\"eltdf_icon_plus icon_plus\"><\/span>\n\t    <span class=\"eltdf_icon_minus icon_minus-06\"><\/span>\n\t    <span class=\"eltdf_icon_arrow arrow_carrot-down\"><\/span>\n\t<\/span>\n\t<span class=\"eltdf-tab-title\">Quel est mon niveau ?<\/span>\n<\/h4>\n<div class=\"eltdf-accordion-content\">\n\t<div class=\"eltdf-accordion-content-inner\">\n\t\t[vc_column_text]<span style=\"color: #979797;\">N&rsquo;h\u00e9sitez pas \u00e0 venir essayer durant la semaine d\u00e9couverte du 5 au 9 au septembre les cours pour pouvoir vous situer en terme de niveau par rapport au groupe.<br \/>\n<\/span><\/p>\n<p>Le conseil du professeur peut aussi \u00eatre pertinent.<\/p>\n<p>Si jamais dans la saison vous souhaitez changer de niveau de cours, c&rsquo;est possible \u00e0 condition de l&rsquo;accord du professeur et de la direction.[\/vc_column_text]\t<\/div>\n<\/div><h4 class=\"eltdf-title-holder\">\n    <span class=\"eltdf-accordion-mark\">\n\t    <span class=\"eltdf_icon_plus icon_plus\"><\/span>\n\t    <span class=\"eltdf_icon_minus icon_minus-06\"><\/span>\n\t    <span class=\"eltdf_icon_arrow arrow_carrot-down\"><\/span>\n\t<\/span>\n\t<span class=\"eltdf-tab-title\">Cours d&#039;essai<\/span>\n<\/h4>\n<div class=\"eltdf-accordion-content\">\n\t<div class=\"eltdf-accordion-content-inner\">\n\t\t[vc_column_text]Afin de vous conforter dans votre choix ou tout simplement d\u00e9couvrir une nouvelle activit\u00e9, nous vous conseillons de r\u00e9aliser un essai.<\/p>\n<ul>\n<li><span style=\"color: #979797;\">Semaine d\u00e9couverte essai gratuit du 8 au 12 septembre 2025<br \/>\n<\/span><\/li>\n<li>2\u20ac le cours d&rsquo;essai du 15 au 19 septembre 2025<\/li>\n<li>5\u20ac le cours d&rsquo;essai du 22 au 26 septembre 2025<\/li>\n<li>5\u20ac la s\u00e9ance fitness &#8211; 8\u20ac le cours de danse le reste de la saison<\/li>\n<\/ul>\n<p>Il n&rsquo;est pas possible de cumuler les cours d&rsquo;essai dans une m\u00eame discipline[\/vc_column_text]\t<\/div>\n<\/div><h4 class=\"eltdf-title-holder\">\n    <span class=\"eltdf-accordion-mark\">\n\t    <span class=\"eltdf_icon_plus icon_plus\"><\/span>\n\t    <span class=\"eltdf_icon_minus icon_minus-06\"><\/span>\n\t    <span class=\"eltdf_icon_arrow arrow_carrot-down\"><\/span>\n\t<\/span>\n\t<span class=\"eltdf-tab-title\">Tenue et mat\u00e9riel \u00e0 apporter<\/span>\n<\/h4>\n<div class=\"eltdf-accordion-content\">\n\t<div class=\"eltdf-accordion-content-inner\">\n\t\t[vc_column_text]<\/p>\n<ul>\n<li><span style=\"color: #979797;\">Pour l&rsquo;activit\u00e9 Fitness, il vous sera demand\u00e9 des baskets propres (non port\u00e9es \u00e0 l&rsquo;ext\u00e9rieur), une serviette et bouteille d&rsquo;eau. Dans chaque club, il y a un vestiaire avec douches. Le reste du mat\u00e9riel, vous le trouverez directement dans la salle.<\/span><\/li>\n<li>Pour l&rsquo;activit\u00e9 Danse couple, une tenue de ville conviendra tr\u00e8s bien. Nous vous conseillons aussi des chaussures o\u00f9 vous \u00eates \u00e0 l&rsquo;aise. Le professeur vous donnera davantage de pr\u00e9cisions lors des premiers cours.<\/li>\n<li>Pour l&rsquo;activit\u00e9 Danse solo, une tenue sportive est conseill\u00e9e. Selon les disciplines vous serez en basket, chaussettes ou pieds nus. Le professeur vous donnera davantage de pr\u00e9cisions lors des premiers cours.<\/li>\n<\/ul>\n<p>[\/vc_column_text]\t<\/div>\n<\/div><h4 class=\"eltdf-title-holder\">\n    <span class=\"eltdf-accordion-mark\">\n\t    <span class=\"eltdf_icon_plus icon_plus\"><\/span>\n\t    <span class=\"eltdf_icon_minus icon_minus-06\"><\/span>\n\t    <span class=\"eltdf_icon_arrow arrow_carrot-down\"><\/span>\n\t<\/span>\n\t<span class=\"eltdf-tab-title\">Zumba dans abonnement Fitness ou Danse ?<\/span>\n<\/h4>\n<div class=\"eltdf-accordion-content\">\n\t<div class=\"eltdf-accordion-content-inner\">\n\t\t[vc_column_text]<\/p>\n<ul>\n<li><span style=\"color: #979797;\">Dans le club de Vaise, la Zumba est inclue dans l&rsquo;abonnement fitness ou peut \u00eatre aussi int\u00e9gr\u00e9e dans un abonnement danse (exemple : formule 2 cours de danse avec Zumba + Street)<\/span><\/li>\n<li>Dans le club de Croix-Rousse, la zumba ne fait pas partie de l&rsquo;abonnement fitness. Vous trouverez des formules sp\u00e9cifiques si vous souhaitez cumuler fitness + zumba. En revanche vous pouvez comme Sur Vaise inclure la zumba dans un abonnement danse.<\/li>\n<\/ul>\n<p>[\/vc_column_text]\t<\/div>\n<\/div><h4 class=\"eltdf-title-holder\">\n    <span class=\"eltdf-accordion-mark\">\n\t    <span class=\"eltdf_icon_plus icon_plus\"><\/span>\n\t    <span class=\"eltdf_icon_minus icon_minus-06\"><\/span>\n\t    <span class=\"eltdf_icon_arrow arrow_carrot-down\"><\/span>\n\t<\/span>\n\t<span class=\"eltdf-tab-title\">Enfant veut participer \u00e0 un cours adulte<\/span>\n<\/h4>\n<div class=\"eltdf-accordion-content\">\n\t<div class=\"eltdf-accordion-content-inner\">\n\t\t[vc_column_text]<\/p>\n<ul>\n<li><span style=\"color: #979797;\">Votre enfant a un super niveau et peut suivre des cours adultes ? La discipline que votre enfant souhaite faire n&rsquo;est pas propos\u00e9e pour son \u00e2ge ?<\/span><span style=\"color: #979797;\"> Un enfant peut\u00a0participer \u00e0 un cours adulte. Il faudra en revanche une autorisation \u00e9crite de la part des parents ainsi qu&rsquo;une validation du professeur.<\/span><\/li>\n<li><span style=\"color: #979797;\">Le prix <\/span><span style=\"color: #979797;\">factur\u00e9 sera celui d&rsquo;un forfait adulte<\/span><\/li>\n<\/ul>\n<p>[\/vc_column_text]\t<\/div>\n<\/div><h4 class=\"eltdf-title-holder\">\n    <span class=\"eltdf-accordion-mark\">\n\t    <span class=\"eltdf_icon_plus icon_plus\"><\/span>\n\t    <span class=\"eltdf_icon_minus icon_minus-06\"><\/span>\n\t    <span class=\"eltdf_icon_arrow arrow_carrot-down\"><\/span>\n\t<\/span>\n\t<span class=\"eltdf-tab-title\">R\u00e8glement int\u00e9rieur<\/span>\n<\/h4>\n<div class=\"eltdf-accordion-content\">\n\t<div class=\"eltdf-accordion-content-inner\">\n\t\t[vc_column_text]Vous trouverez le r\u00e8glement int\u00e9rieur en cliquant ci-dessous<\/p>\n<p><a href=\"https:\/\/infinitydanse.com\/wp-content\/uploads\/2025\/07\/REGLEMENT-INTERIEUR-2025-2026.pdf\">REGLEMENT INTERIEUR 2025-2026<\/a>[\/vc_column_text]\t<\/div>\n<\/div><\/div>[vc_empty_space height=\u00a0\u00bb30px\u00a0\u00bb][\/vc_column][\/vc_row]<\/p>\n","protected":false},"excerpt":{"rendered":"<p>[vc_row row_content_width=\u00a0\u00bbgrid\u00a0\u00bb enable_arrows_animation=\u00a0\u00bbno\u00a0\u00bb css=\u00a0\u00bb.vc_custom_1489162147706{padding-top: 112px !important;padding-bottom: 90px !important;}\u00a0\u00bb][vc_column offset=\u00a0\u00bbvc_col-lg-9 vc_col-md-9&Prime;][vc_empty_space height=\u00a0\u00bb65px\u00a0\u00bb][vc_empty_space height=\u00a0\u00bb30px\u00a0\u00bb][\/vc_column][\/vc_row]<\/p>\n","protected":false},"author":1,"featured_media":0,"parent":0,"menu_order":0,"comment_status":"closed","ping_status":"closed","template":"full-width.php","meta":{"_price":"","_stock":"","_tribe_ticket_header":"","_tribe_default_ticket_provider":"","_tribe_ticket_capacity":"0","_ticket_start_date":"","_ticket_end_date":"","_tribe_ticket_show_description":"","_tribe_ticket_show_not_going":false,"_tribe_ticket_use_global_stock":"","_tribe_ticket_global_stock_level":"","_global_stock_mode":"","_global_stock_cap":"","_tribe_rsvp_for_event":"","_tribe_ticket_going_count":"","_tribe_ticket_not_going_count":"","_tribe_tickets_list":"[]","_tribe_ticket_has_attendee_info_fields":false,"footnotes":"","_tec_slr_enabled":"","_tec_slr_layout":""},"class_list":["post-6703","page","type-page","status-publish","hentry"],"ticketed":false,"_links":{"self":[{"href":"https:\/\/infinitydanse.com\/index.php\/wp-json\/wp\/v2\/pages\/6703","targetHints":{"allow":["GET"]}}],"collection":[{"href":"https:\/\/infinitydanse.com\/index.php\/wp-json\/wp\/v2\/pages"}],"about":[{"href":"https:\/\/infinitydanse.com\/index.php\/wp-json\/wp\/v2\/types\/page"}],"author":[{"embeddable":true,"href":"https:\/\/infinitydanse.com\/index.php\/wp-json\/wp\/v2\/users\/1"}],"replies":[{"embeddable":true,"href":"https:\/\/infinitydanse.com\/index.php\/wp-json\/wp\/v2\/comments?post=6703"}],"version-history":[{"count":33,"href":"https:\/\/infinitydanse.com\/index.php\/wp-json\/wp\/v2\/pages\/6703\/revisions"}],"predecessor-version":[{"id":11169,"href":"https:\/\/infinitydanse.com\/index.php\/wp-json\/wp\/v2\/pages\/6703\/revisions\/11169"}],"wp:attachment":[{"href":"https:\/\/infinitydanse.com\/index.php\/wp-json\/wp\/v2\/media?parent=6703"}],"curies":[{"name":"wp","href":"https:\/\/api.w.org\/{rel}","templated":true}]}}